{"id":6762,"date":"2025-08-17T00:18:41","date_gmt":"2025-08-16T22:18:41","guid":{"rendered":"https:\/\/debbynutrifood.com\/?post_type=product&#038;p=6762"},"modified":"2025-11-24T23:56:37","modified_gmt":"2025-11-24T22:56:37","slug":"osso-bucco-de-dinde-facon-soleil","status":"publish","type":"product","link":"https:\/\/debbynutrifood.com\/en\/produit\/osso-bucco-de-dinde-facon-soleil\/","title":{"rendered":"Osso bucco de dinde fa\u00e7on soleil"},"content":{"rendered":"<p data-start=\"402\" data-end=\"991\">Une recette color\u00e9e et pleine de caract\u00e8re, qui marie les saveurs de la M\u00e9diterran\u00e9e et des \u00e9pices solaires.<br data-start=\"535\" data-end=\"538\" \/>La dinde est doucement mijot\u00e9e avec de l\u2019oignon rouge et de l\u2019ail, puis enrob\u00e9e d\u2019une sauce parfum\u00e9e \u00e0 base de pulpe de tomate et d\u2019huile d\u2019olive.<br data-start=\"684\" data-end=\"687\" \/>Le gingembre frais et le paprika apportent chaleur et intensit\u00e9, tandis que le citron confit diffuse sa note acidul\u00e9e et subtilement am\u00e8re.<br data-start=\"826\" data-end=\"829\" \/>Les olives vertes d\u00e9noyaut\u00e9es viennent parfaire ce plat avec leur touche sal\u00e9e et fruit\u00e9e.<br data-start=\"919\" data-end=\"922\" \/>Un osso bucco lumineux, g\u00e9n\u00e9reux et gourmand, qui invite au voyage.<\/p>\n<hr data-start=\"993\" data-end=\"996\" \/>\n<p data-start=\"998\" data-end=\"1027\"><strong data-start=\"998\" data-end=\"1025\">Bienfaits nutritionnels<\/strong><\/p>\n<p data-start=\"1030\" data-end=\"1098\"><strong data-start=\"1030\" data-end=\"1039\">Dinde<\/strong> : source de prot\u00e9ines maigres et de min\u00e9raux essentiels.<\/p>\n<p data-start=\"1101\" data-end=\"1173\"><strong data-start=\"1101\" data-end=\"1120\">Pulpe de tomate<\/strong> : riche en lycop\u00e8ne antioxydant, bon pour le c\u0153ur.<\/p>\n<p data-start=\"1176\" data-end=\"1249\"><strong data-start=\"1176\" data-end=\"1193\">Olives vertes<\/strong> : apport en bons lipides et antioxydants protecteurs.<\/p>\n<p data-start=\"1252\" data-end=\"1318\"><strong data-start=\"1252\" data-end=\"1269\">Citron confit<\/strong> : source de vitamine C, favorise la digestion.<\/p>\n<p data-start=\"1321\" data-end=\"1390\"><strong data-start=\"1321\" data-end=\"1340\">Gingembre frais<\/strong> : propri\u00e9t\u00e9s anti-inflammatoires et digestives.<\/p>\n<p data-start=\"1393\" data-end=\"1455\"><strong data-start=\"1393\" data-end=\"1404\">Paprika<\/strong> : riche en antioxydants, stimule le m\u00e9tabolisme.<\/p>\n<p data-start=\"1458\" data-end=\"1529\"><strong data-start=\"1458\" data-end=\"1480\">Ail &amp; oignon rouge<\/strong> : compos\u00e9s soufr\u00e9s b\u00e9n\u00e9fiques pour l\u2019immunit\u00e9.<\/p>\n","protected":false},"excerpt":{"rendered":"<p>Osso bucco de dinde mijot\u00e9 aux tomates, citron confit et olives vertes, relev\u00e9 de gingembre frais et paprika pour une explosion de saveurs ensoleill\u00e9es<\/p>\n","protected":false},"featured_media":0,"template":"","meta":{"_acf_changed":false},"product_brand":[],"product_cat":[33,102,48],"product_tag":[],"class_list":{"0":"post-6762","1":"product","2":"type-product","3":"status-publish","5":"product_cat-agriculture-biologique","6":"product_cat-by-debbynutrifood","7":"product_cat-specialite-francaise","8":"wcpa_has_options","10":"first","11":"instock","12":"shipping-taxable","13":"product-type-variable","14":"wvs-archive-product-wrapper"},"acf":[],"yoast_head":"<!-- This site is optimized with the Yoast SEO plugin v27.5 - https:\/\/yoast.com\/product\/yoast-seo-wordpress\/ -->\n<title>Osso bucco de dinde fa\u00e7on soleil - Debby NutriFood<\/title>\n<meta name=\"description\" content=\"Une recette color\u00e9e et pleine de caract\u00e8re, qui marie les saveurs de la M\u00e9diterran\u00e9e et des \u00e9pices solaires. La dinde est doucement mijot\u00e9e avec de l\u2019oignon rouge et de l\u2019ail, puis enrob\u00e9e d\u2019une sauce parfum\u00e9e \u00e0 base de pulpe de tomate et d\u2019huile d\u2019olive. Le gingembre frais et le paprika apportent chaleur et intensit\u00e9, tandis que le citron confit diffuse sa note acidul\u00e9e et subtilement am\u00e8re. Les olives vertes d\u00e9noyaut\u00e9es viennent parfaire ce plat avec leur touche sal\u00e9e et fruit\u00e9e. Un osso bucco lumineux, g\u00e9n\u00e9reux et gourmand, qui invite au voyage. Bienfaits nutritionnels Dinde : source de prot\u00e9ines maigres et de min\u00e9raux essentiels. Pulpe de tomate : riche en lycop\u00e8ne antioxydant, bon pour le c\u0153ur. Olives vertes : apport en bons lipides et antioxydants protecteurs. Citron confit : source de vitamine C, favorise la digestion. Gingembre frais : propri\u00e9t\u00e9s anti-inflammatoires et digestives. Paprika : riche en antioxydants, stimule le m\u00e9tabolisme. Ail &amp; oignon rouge : compos\u00e9s soufr\u00e9s b\u00e9n\u00e9fiques pour l\u2019immunit\u00e9.\" \/>\n<meta name=\"robots\" content=\"index, follow, max-snippet:-1, max-image-preview:large, max-video-preview:-1\" \/>\n<link rel=\"canonical\" href=\"https:\/\/debbynutrifood.com\/en\/produit\/osso-bucco-de-dinde-facon-soleil\/\" \/>\n<meta property=\"og:locale\" content=\"en_US\" \/>\n<meta property=\"og:type\" content=\"article\" \/>\n<meta property=\"og:title\" content=\"Osso bucco de dinde fa\u00e7on soleil - Debby NutriFood\" \/>\n<meta property=\"og:description\" content=\"Une recette color\u00e9e et pleine de caract\u00e8re, qui marie les saveurs de la M\u00e9diterran\u00e9e et des \u00e9pices solaires. La dinde est doucement mijot\u00e9e avec de l\u2019oignon rouge et de l\u2019ail, puis enrob\u00e9e d\u2019une sauce parfum\u00e9e \u00e0 base de pulpe de tomate et d\u2019huile d\u2019olive. Le gingembre frais et le paprika apportent chaleur et intensit\u00e9, tandis que le citron confit diffuse sa note acidul\u00e9e et subtilement am\u00e8re. Les olives vertes d\u00e9noyaut\u00e9es viennent parfaire ce plat avec leur touche sal\u00e9e et fruit\u00e9e. Un osso bucco lumineux, g\u00e9n\u00e9reux et gourmand, qui invite au voyage. Bienfaits nutritionnels Dinde : source de prot\u00e9ines maigres et de min\u00e9raux essentiels. Pulpe de tomate : riche en lycop\u00e8ne antioxydant, bon pour le c\u0153ur. Olives vertes : apport en bons lipides et antioxydants protecteurs. Citron confit : source de vitamine C, favorise la digestion. Gingembre frais : propri\u00e9t\u00e9s anti-inflammatoires et digestives. Paprika : riche en antioxydants, stimule le m\u00e9tabolisme. Ail &amp; oignon rouge : compos\u00e9s soufr\u00e9s b\u00e9n\u00e9fiques pour l\u2019immunit\u00e9.\" \/>\n<meta property=\"og:url\" content=\"https:\/\/debbynutrifood.com\/en\/produit\/osso-bucco-de-dinde-facon-soleil\/\" \/>\n<meta property=\"og:site_name\" content=\"Debby NutriFood\" \/>\n<meta property=\"article:modified_time\" content=\"2025-11-24T22:56:37+00:00\" \/>\n<meta property=\"og:image\" content=\"https:\/\/debbynutrifood.com\/wp-content\/uploads\/2025\/08\/Osso-bucco-du-soleil-1.png\" \/>\n\t<meta property=\"og:image:width\" content=\"1024\" \/>\n\t<meta property=\"og:image:height\" content=\"1536\" \/>\n\t<meta property=\"og:image:type\" content=\"image\/png\" \/>\n<meta name=\"twitter:card\" content=\"summary_large_image\" \/>\n<meta name=\"twitter:label1\" content=\"Est. reading time\" \/>\n\t<meta name=\"twitter:data1\" content=\"1 minute\" \/>\n<script type=\"application\/ld+json\" class=\"yoast-schema-graph\">{\"@context\":\"https:\\\/\\\/schema.org\",\"@graph\":[{\"@type\":\"WebPage\",\"@id\":\"https:\\\/\\\/debbynutrifood.com\\\/en\\\/produit\\\/osso-bucco-de-dinde-facon-soleil\\\/\",\"url\":\"https:\\\/\\\/debbynutrifood.com\\\/en\\\/produit\\\/osso-bucco-de-dinde-facon-soleil\\\/\",\"name\":\"Osso bucco de dinde fa\u00e7on soleil - Debby NutriFood\",\"isPartOf\":{\"@id\":\"https:\\\/\\\/debbynutrifood.com\\\/en\\\/#website\"},\"datePublished\":\"2025-08-16T22:18:41+00:00\",\"dateModified\":\"2025-11-24T22:56:37+00:00\",\"description\":\"Une recette color\u00e9e et pleine de caract\u00e8re, qui marie les saveurs de la M\u00e9diterran\u00e9e et des \u00e9pices solaires. La dinde est doucement mijot\u00e9e avec de l\u2019oignon rouge et de l\u2019ail, puis enrob\u00e9e d\u2019une sauce parfum\u00e9e \u00e0 base de pulpe de tomate et d\u2019huile d\u2019olive. Le gingembre frais et le paprika apportent chaleur et intensit\u00e9, tandis que le citron confit diffuse sa note acidul\u00e9e et subtilement am\u00e8re. Les olives vertes d\u00e9noyaut\u00e9es viennent parfaire ce plat avec leur touche sal\u00e9e et fruit\u00e9e. Un osso bucco lumineux, g\u00e9n\u00e9reux et gourmand, qui invite au voyage. Bienfaits nutritionnels Dinde : source de prot\u00e9ines maigres et de min\u00e9raux essentiels. Pulpe de tomate : riche en lycop\u00e8ne antioxydant, bon pour le c\u0153ur. Olives vertes : apport en bons lipides et antioxydants protecteurs. Citron confit : source de vitamine C, favorise la digestion. Gingembre frais : propri\u00e9t\u00e9s anti-inflammatoires et digestives. Paprika : riche en antioxydants, stimule le m\u00e9tabolisme. Ail & oignon rouge : compos\u00e9s soufr\u00e9s b\u00e9n\u00e9fiques pour l\u2019immunit\u00e9.\",\"breadcrumb\":{\"@id\":\"https:\\\/\\\/debbynutrifood.com\\\/en\\\/produit\\\/osso-bucco-de-dinde-facon-soleil\\\/#breadcrumb\"},\"inLanguage\":\"en-US\",\"potentialAction\":[{\"@type\":\"ReadAction\",\"target\":[\"https:\\\/\\\/debbynutrifood.com\\\/en\\\/produit\\\/osso-bucco-de-dinde-facon-soleil\\\/\"]}]},{\"@type\":\"BreadcrumbList\",\"@id\":\"https:\\\/\\\/debbynutrifood.com\\\/en\\\/produit\\\/osso-bucco-de-dinde-facon-soleil\\\/#breadcrumb\",\"itemListElement\":[{\"@type\":\"ListItem\",\"position\":1,\"name\":\"Accueil\",\"item\":\"https:\\\/\\\/debbynutrifood.com\\\/en\\\/home\\\/\"},{\"@type\":\"ListItem\",\"position\":2,\"name\":\"Products\",\"item\":\"https:\\\/\\\/debbynutrifood.com\\\/en\\\/shop\\\/\"},{\"@type\":\"ListItem\",\"position\":3,\"name\":\"Osso bucco de dinde fa\u00e7on soleil\"}]},{\"@type\":\"WebSite\",\"@id\":\"https:\\\/\\\/debbynutrifood.com\\\/en\\\/#website\",\"url\":\"https:\\\/\\\/debbynutrifood.com\\\/en\\\/\",\"name\":\"Debby Nutrifood\",\"description\":\"\",\"publisher\":{\"@id\":\"https:\\\/\\\/debbynutrifood.com\\\/en\\\/#organization\"},\"potentialAction\":[{\"@type\":\"SearchAction\",\"target\":{\"@type\":\"EntryPoint\",\"urlTemplate\":\"https:\\\/\\\/debbynutrifood.com\\\/en\\\/?s={search_term_string}\"},\"query-input\":{\"@type\":\"PropertyValueSpecification\",\"valueRequired\":true,\"valueName\":\"search_term_string\"}}],\"inLanguage\":\"en-US\"},{\"@type\":\"Organization\",\"@id\":\"https:\\\/\\\/debbynutrifood.com\\\/en\\\/#organization\",\"name\":\"Debby Nutrifood\",\"url\":\"https:\\\/\\\/debbynutrifood.com\\\/en\\\/\",\"logo\":{\"@type\":\"ImageObject\",\"inLanguage\":\"en-US\",\"@id\":\"https:\\\/\\\/debbynutrifood.com\\\/en\\\/#\\\/schema\\\/logo\\\/image\\\/\",\"url\":\"https:\\\/\\\/debbynutrifood.com\\\/wp-content\\\/uploads\\\/2025\\\/05\\\/Modele-dorigine-sur-fond-transparent-scaled.png\",\"contentUrl\":\"https:\\\/\\\/debbynutrifood.com\\\/wp-content\\\/uploads\\\/2025\\\/05\\\/Modele-dorigine-sur-fond-transparent-scaled.png\",\"width\":2560,\"height\":1620,\"caption\":\"Debby Nutrifood\"},\"image\":{\"@id\":\"https:\\\/\\\/debbynutrifood.com\\\/en\\\/#\\\/schema\\\/logo\\\/image\\\/\"}}]}<\/script>\n<!-- \/ Yoast SEO plugin. -->","yoast_head_json":{"title":"Osso bucco de dinde fa\u00e7on soleil - Debby NutriFood","description":"Une recette color\u00e9e et pleine de caract\u00e8re, qui marie les saveurs de la M\u00e9diterran\u00e9e et des \u00e9pices solaires. La dinde est doucement mijot\u00e9e avec de l\u2019oignon rouge et de l\u2019ail, puis enrob\u00e9e d\u2019une sauce parfum\u00e9e \u00e0 base de pulpe de tomate et d\u2019huile d\u2019olive. Le gingembre frais et le paprika apportent chaleur et intensit\u00e9, tandis que le citron confit diffuse sa note acidul\u00e9e et subtilement am\u00e8re. Les olives vertes d\u00e9noyaut\u00e9es viennent parfaire ce plat avec leur touche sal\u00e9e et fruit\u00e9e. Un osso bucco lumineux, g\u00e9n\u00e9reux et gourmand, qui invite au voyage. Bienfaits nutritionnels Dinde : source de prot\u00e9ines maigres et de min\u00e9raux essentiels. Pulpe de tomate : riche en lycop\u00e8ne antioxydant, bon pour le c\u0153ur. Olives vertes : apport en bons lipides et antioxydants protecteurs. Citron confit : source de vitamine C, favorise la digestion. Gingembre frais : propri\u00e9t\u00e9s anti-inflammatoires et digestives. Paprika : riche en antioxydants, stimule le m\u00e9tabolisme. Ail & oignon rouge : compos\u00e9s soufr\u00e9s b\u00e9n\u00e9fiques pour l\u2019immunit\u00e9.","robots":{"index":"index","follow":"follow","max-snippet":"max-snippet:-1","max-image-preview":"max-image-preview:large","max-video-preview":"max-video-preview:-1"},"canonical":"https:\/\/debbynutrifood.com\/en\/produit\/osso-bucco-de-dinde-facon-soleil\/","og_locale":"en_US","og_type":"article","og_title":"Osso bucco de dinde fa\u00e7on soleil - Debby NutriFood","og_description":"Une recette color\u00e9e et pleine de caract\u00e8re, qui marie les saveurs de la M\u00e9diterran\u00e9e et des \u00e9pices solaires. La dinde est doucement mijot\u00e9e avec de l\u2019oignon rouge et de l\u2019ail, puis enrob\u00e9e d\u2019une sauce parfum\u00e9e \u00e0 base de pulpe de tomate et d\u2019huile d\u2019olive. Le gingembre frais et le paprika apportent chaleur et intensit\u00e9, tandis que le citron confit diffuse sa note acidul\u00e9e et subtilement am\u00e8re. Les olives vertes d\u00e9noyaut\u00e9es viennent parfaire ce plat avec leur touche sal\u00e9e et fruit\u00e9e. Un osso bucco lumineux, g\u00e9n\u00e9reux et gourmand, qui invite au voyage. Bienfaits nutritionnels Dinde : source de prot\u00e9ines maigres et de min\u00e9raux essentiels. Pulpe de tomate : riche en lycop\u00e8ne antioxydant, bon pour le c\u0153ur. Olives vertes : apport en bons lipides et antioxydants protecteurs. Citron confit : source de vitamine C, favorise la digestion. Gingembre frais : propri\u00e9t\u00e9s anti-inflammatoires et digestives. Paprika : riche en antioxydants, stimule le m\u00e9tabolisme. Ail & oignon rouge : compos\u00e9s soufr\u00e9s b\u00e9n\u00e9fiques pour l\u2019immunit\u00e9.","og_url":"https:\/\/debbynutrifood.com\/en\/produit\/osso-bucco-de-dinde-facon-soleil\/","og_site_name":"Debby NutriFood","article_modified_time":"2025-11-24T22:56:37+00:00","og_image":[{"width":1024,"height":1536,"url":"https:\/\/debbynutrifood.com\/wp-content\/uploads\/2025\/08\/Osso-bucco-du-soleil-1.png","type":"image\/png"}],"twitter_card":"summary_large_image","twitter_misc":{"Est. reading time":"1 minute"},"schema":{"@context":"https:\/\/schema.org","@graph":[{"@type":"WebPage","@id":"https:\/\/debbynutrifood.com\/en\/produit\/osso-bucco-de-dinde-facon-soleil\/","url":"https:\/\/debbynutrifood.com\/en\/produit\/osso-bucco-de-dinde-facon-soleil\/","name":"Osso bucco de dinde fa\u00e7on soleil - Debby NutriFood","isPartOf":{"@id":"https:\/\/debbynutrifood.com\/en\/#website"},"datePublished":"2025-08-16T22:18:41+00:00","dateModified":"2025-11-24T22:56:37+00:00","description":"Une recette color\u00e9e et pleine de caract\u00e8re, qui marie les saveurs de la M\u00e9diterran\u00e9e et des \u00e9pices solaires. La dinde est doucement mijot\u00e9e avec de l\u2019oignon rouge et de l\u2019ail, puis enrob\u00e9e d\u2019une sauce parfum\u00e9e \u00e0 base de pulpe de tomate et d\u2019huile d\u2019olive. Le gingembre frais et le paprika apportent chaleur et intensit\u00e9, tandis que le citron confit diffuse sa note acidul\u00e9e et subtilement am\u00e8re. Les olives vertes d\u00e9noyaut\u00e9es viennent parfaire ce plat avec leur touche sal\u00e9e et fruit\u00e9e. Un osso bucco lumineux, g\u00e9n\u00e9reux et gourmand, qui invite au voyage. Bienfaits nutritionnels Dinde : source de prot\u00e9ines maigres et de min\u00e9raux essentiels. Pulpe de tomate : riche en lycop\u00e8ne antioxydant, bon pour le c\u0153ur. Olives vertes : apport en bons lipides et antioxydants protecteurs. Citron confit : source de vitamine C, favorise la digestion. Gingembre frais : propri\u00e9t\u00e9s anti-inflammatoires et digestives. Paprika : riche en antioxydants, stimule le m\u00e9tabolisme. Ail & oignon rouge : compos\u00e9s soufr\u00e9s b\u00e9n\u00e9fiques pour l\u2019immunit\u00e9.","breadcrumb":{"@id":"https:\/\/debbynutrifood.com\/en\/produit\/osso-bucco-de-dinde-facon-soleil\/#breadcrumb"},"inLanguage":"en-US","potentialAction":[{"@type":"ReadAction","target":["https:\/\/debbynutrifood.com\/en\/produit\/osso-bucco-de-dinde-facon-soleil\/"]}]},{"@type":"BreadcrumbList","@id":"https:\/\/debbynutrifood.com\/en\/produit\/osso-bucco-de-dinde-facon-soleil\/#breadcrumb","itemListElement":[{"@type":"ListItem","position":1,"name":"Accueil","item":"https:\/\/debbynutrifood.com\/en\/home\/"},{"@type":"ListItem","position":2,"name":"Products","item":"https:\/\/debbynutrifood.com\/en\/shop\/"},{"@type":"ListItem","position":3,"name":"Osso bucco de dinde fa\u00e7on soleil"}]},{"@type":"WebSite","@id":"https:\/\/debbynutrifood.com\/en\/#website","url":"https:\/\/debbynutrifood.com\/en\/","name":"Debby Nutrifood","description":"","publisher":{"@id":"https:\/\/debbynutrifood.com\/en\/#organization"},"potentialAction":[{"@type":"SearchAction","target":{"@type":"EntryPoint","urlTemplate":"https:\/\/debbynutrifood.com\/en\/?s={search_term_string}"},"query-input":{"@type":"PropertyValueSpecification","valueRequired":true,"valueName":"search_term_string"}}],"inLanguage":"en-US"},{"@type":"Organization","@id":"https:\/\/debbynutrifood.com\/en\/#organization","name":"Debby Nutrifood","url":"https:\/\/debbynutrifood.com\/en\/","logo":{"@type":"ImageObject","inLanguage":"en-US","@id":"https:\/\/debbynutrifood.com\/en\/#\/schema\/logo\/image\/","url":"https:\/\/debbynutrifood.com\/wp-content\/uploads\/2025\/05\/Modele-dorigine-sur-fond-transparent-scaled.png","contentUrl":"https:\/\/debbynutrifood.com\/wp-content\/uploads\/2025\/05\/Modele-dorigine-sur-fond-transparent-scaled.png","width":2560,"height":1620,"caption":"Debby Nutrifood"},"image":{"@id":"https:\/\/debbynutrifood.com\/en\/#\/schema\/logo\/image\/"}}]}},"wcpa_form_fields":{"wcpaData":{"product":{"product_price":9.9,"price_html":"<span class=\"woocommerce-Price-amount amount\" aria-hidden=\"true\"><bdi>9,90&nbsp;<span class=\"woocommerce-Price-currencySymbol\">&euro;<\/span><\/bdi><\/span> <span aria-hidden=\"true\">&ndash;<\/span> <span class=\"woocommerce-Price-amount amount\" aria-hidden=\"true\"><bdi>31,50&nbsp;<span class=\"woocommerce-Price-currencySymbol\">&euro;<\/span><\/bdi><\/span><span class=\"screen-reader-text\">Price range: 9,90&nbsp;&euro; through 31,50&nbsp;&euro;<\/span>","original_product_price":9.9,"price_including_tax":9.9,"price_excluding_tax":9.9,"product_id":{"parent":6762,"variation":false},"is_variable":true,"stock_status":"instock","stock_quantity":null,"parent_sku":"","product_attributes":{"pa_portion":{"is_variation":true,"values":[]},"pa_ingredients":{"is_variation":false,"values":["coriandre","curcuma","gingembre","ail","citron-confit","huile-dolive-de-nyon","oignon-jaune","paprika","poivre","pulpe-de-tomate","sel"]}},"custom_fields":[],"is_taxable":false,"product_name":"Osso bucco de dinde fa\u00e7on soleil","hasImage":false},"fields":{"sec_168a46347737d8":{"extra":{"key":"sec_168a46347737d8","section_id":"sec_168a46347737d8","name":"Default","status":1,"cl_rule":"show","enableCl":false,"relations":[],"toggle":true,"title_tag":"h3","show_title":false,"showPrice":"default","form_id":8249,"form_rules":{"exclude_from_discount":false,"fee_label":"Fee","disp_hide_options_price":false,"disp_show_section_price":false,"disp_show_field_price":true,"layout_option":"standard","pric_use_as_fee":false,"process_fee_as":"woo_fee"},"layout_option":"standard"},"fields":[[{"active":true,"col":6,"relations":false,"cl_rule":"show","enableCl":false,"price":"","enablePrice":false,"className":"","label_position":"default","desc_position":"default","type":"checkbox-group","required":false,"elementId":"checkgroup_6039357601","label":"Intol\u00e9rances \/ Allergies \/ Retrait d\u2019ingr\u00e9dients","name":"checkgroup_6039357601","values":[{"label":"sans lactose","value":"sans-lactose","selected":false,"tempId":"aco_68","gt_translate_keys":["label"]},{"label":"sans gluten","value":"sans-gluten","selected":false,"tempId":"aco_69","gt_translate_keys":["label"]},{"label":"Sans fruits \u00e0 coque","value":"sans-fruit-a-coque","selected":false,"tempId":"aco_70","gt_translate_keys":["label"]},{"label":"sans oignons","value":"sans oignons","selected":false,"tempId":"aco_118","gt_translate_keys":["label"]},{"label":"sans ail","value":"sans ail","selected":false,"tempId":"aco_488","gt_translate_keys":["label"]},{"label":"Gingembre","value":"Sans gingembre","selected":false,"tempId":"aco_19","gt_translate_keys":["label"]}],"layOut":"","error":false,"checkUi":"","isWeightTemplate":false,"isTemplate":false,"min_quantity":"1","quantity_decimal":false,"quantity_step":"1","quantity_label":"Quantity","repeater_field_label":"{field_label}","repeater_bind":"","gt_translate_keys":["label","repeater_field_label","quantity_label"],"price_dependency":false,"cl_dependency":false,"value":""}]]}},"config":{"price_override":"","enable_recaptcha":false,"bind_quantity":false,"quantity_bind_formula":false,"disp_summ_show_option_price":true,"disp_summ_show_product_price":true,"disp_summ_show_total_price":true,"disp_summ_show_fee":false,"disp_summ_show_discount":false,"summary_title":"","options_total_label":"Options Price","total_label":"Total","options_product_label":"Product Price","fee_label":"Fee","discount_label":"Discount","has_price":true,"has_quantity_formula":false},"mc_unit":1,"tax_rate":1,"tax_rate_real":1,"discount":{"percentage":0,"fixed":0},"design":{"conf":{"LabelPosition":"above","DescPosition":"above","UploadField":"custom_1","QuantityFieldStyle":"default"},"css":{"LeftLabelWidth":"120px"}},"formulas":[],"lookuptables":[],"clones":false,"cartKey":false}},"_links":{"self":[{"href":"https:\/\/debbynutrifood.com\/en\/wp-json\/wp\/v2\/product\/6762","targetHints":{"allow":["GET"]}}],"collection":[{"href":"https:\/\/debbynutrifood.com\/en\/wp-json\/wp\/v2\/product"}],"about":[{"href":"https:\/\/debbynutrifood.com\/en\/wp-json\/wp\/v2\/types\/product"}],"version-history":[{"count":1,"href":"https:\/\/debbynutrifood.com\/en\/wp-json\/wp\/v2\/product\/6762\/revisions"}],"predecessor-version":[{"id":9424,"href":"https:\/\/debbynutrifood.com\/en\/wp-json\/wp\/v2\/product\/6762\/revisions\/9424"}],"wp:attachment":[{"href":"https:\/\/debbynutrifood.com\/en\/wp-json\/wp\/v2\/media?parent=6762"}],"wp:term":[{"taxonomy":"product_brand","embeddable":true,"href":"https:\/\/debbynutrifood.com\/en\/wp-json\/wp\/v2\/product_brand?post=6762"},{"taxonomy":"product_cat","embeddable":true,"href":"https:\/\/debbynutrifood.com\/en\/wp-json\/wp\/v2\/product_cat?post=6762"},{"taxonomy":"product_tag","embeddable":true,"href":"https:\/\/debbynutrifood.com\/en\/wp-json\/wp\/v2\/product_tag?post=6762"}],"curies":[{"name":"wp","href":"https:\/\/api.w.org\/{rel}","templated":true}]}}